{"id":14,"date":"2023-05-17T13:04:44","date_gmt":"2023-05-17T13:04:44","guid":{"rendered":"https:\/\/mz-skulptur.ch\/skulpturen\/?page_id=14"},"modified":"2023-05-17T15:07:00","modified_gmt":"2023-05-17T15:07:00","slug":"ueber-mich","status":"publish","type":"page","link":"https:\/\/mz-skulptur.ch\/index.php\/marc-zuercher-skulpturen-aus-holz\/ueber-mich\/","title":{"rendered":"\u00dcber mich"},"content":{"rendered":"<p>Ich heisse Marc Z\u00fcrcher und wohne seit 2013 in CH-3324 Hindelbank, was nahe der Hauptstadt Bern liegt. Nach kurzer Zeit entdeckte ich das nahgelegene Hurstmoos mit dem sch\u00f6nen naturnahen Biotop und dem sch\u00f6nen Blockhaus. Es ging nicht lange und ich war und bin immer noch ein Mitglied und aktiv dabei im heutigen Hurstmoss-Verein (<a href=\"https:\/\/www.hurstmoos-verein.ch\/\" target=\"_blank\" rel=\"noopener\">www.hurstmoos-verein.ch<\/a>).\u00a0Hier kam ich auch das erste mal in Kontakt mit einer Motors\u00e4ge. Im Jahr 2018 habe ich aus Spass einen Tageskurs besucht wo ich etwas mit der Motors\u00e4ge kreieren konnte. Dies machte mir wirklich Spass und ich wollte mehr machen und kaufte mir eine Carving Motors\u00e4ge. Mittlerweile habe ich nun schon einige Skulpturen gefertigt und ich bin sicher, dass es in Zukunft noch mehr werden.<\/p>\n<p>Ich besuche aber auch gerne Veranstaltungen wo andere Schnitzer und K\u00fcnstler ihre eigenen Skulpturen fertigen oder ausstellen.<\/p>\n","protected":false},"excerpt":{"rendered":"<p>Ich heisse Marc Z\u00fcrcher und wohne seit 2013 in CH-3324 Hindelbank, was nahe der Hauptstadt Bern liegt. Nach kurzer Zeit entdeckte ich das nahgelegene Hurstmoos mit dem sch\u00f6nen naturnahen Biotop und dem sch\u00f6nen Blockhaus. Es ging nicht lange und ich war und bin immer noch ein Mitglied und aktiv dabei im heutigen Hurstmoss-Verein (www.hurstmoos-verein.ch).\u00a0Hier kam &hellip; <\/p>\n<p class=\"link-more\"><a href=\"https:\/\/mz-skulptur.ch\/index.php\/marc-zuercher-skulpturen-aus-holz\/ueber-mich\/\" class=\"more-link\"><span class=\"screen-reader-text\">&#171;\u00dcber mich&#187;<\/span> weiterlesen<\/a><\/p>\n","protected":false},"author":1,"featured_media":0,"parent":5,"menu_order":0,"comment_status":"closed","ping_status":"closed","template":"","meta":{"footnotes":""},"class_list":["post-14","page","type-page","status-publish","hentry"],"yoast_head":"<!-- This site is optimized with the Yoast SEO plugin v20.7 - https:\/\/yoast.com\/wordpress\/plugins\/seo\/ -->\n<title>\u00dcber mich - mz-skulptur.ch<\/title>\n<meta name=\"robots\" content=\"index, follow, max-snippet:-1, max-image-preview:large, max-video-preview:-1\" \/>\n<link rel=\"canonical\" href=\"https:\/\/mz-skulptur.ch\/index.php\/marc-zuercher-skulpturen-aus-holz\/ueber-mich\/\" \/>\n<meta property=\"og:locale\" content=\"de_DE\" \/>\n<meta property=\"og:type\" content=\"article\" \/>\n<meta property=\"og:title\" content=\"\u00dcber mich - mz-skulptur.ch\" \/>\n<meta property=\"og:description\" content=\"Ich heisse Marc Z\u00fcrcher und wohne seit 2013 in CH-3324 Hindelbank, was nahe der Hauptstadt Bern liegt. Nach kurzer Zeit entdeckte ich das nahgelegene Hurstmoos mit dem sch\u00f6nen naturnahen Biotop und dem sch\u00f6nen Blockhaus. Es ging nicht lange und ich war und bin immer noch ein Mitglied und aktiv dabei im heutigen Hurstmoss-Verein (www.hurstmoos-verein.ch).\u00a0Hier kam &hellip; &quot;\u00dcber mich&quot; weiterlesen\" \/>\n<meta property=\"og:url\" content=\"https:\/\/mz-skulptur.ch\/index.php\/marc-zuercher-skulpturen-aus-holz\/ueber-mich\/\" \/>\n<meta property=\"og:site_name\" content=\"mz-skulptur.ch\" \/>\n<meta property=\"article:modified_time\" content=\"2023-05-17T15:07:00+00:00\" \/>\n<meta name=\"twitter:card\" content=\"summary_large_image\" \/>\n<meta name=\"twitter:label1\" content=\"Gesch\u00e4tzte Lesezeit\" \/>\n\t<meta name=\"twitter:data1\" content=\"1\u00a0Minute\" \/>\n<script type=\"application\/ld+json\" class=\"yoast-schema-graph\">{\"@context\":\"https:\/\/schema.org\",\"@graph\":[{\"@type\":\"WebPage\",\"@id\":\"https:\/\/mz-skulptur.ch\/index.php\/marc-zuercher-skulpturen-aus-holz\/ueber-mich\/\",\"url\":\"https:\/\/mz-skulptur.ch\/index.php\/marc-zuercher-skulpturen-aus-holz\/ueber-mich\/\",\"name\":\"\u00dcber mich - mz-skulptur.ch\",\"isPartOf\":{\"@id\":\"https:\/\/mz-skulptur.ch\/#website\"},\"datePublished\":\"2023-05-17T13:04:44+00:00\",\"dateModified\":\"2023-05-17T15:07:00+00:00\",\"breadcrumb\":{\"@id\":\"https:\/\/mz-skulptur.ch\/index.php\/marc-zuercher-skulpturen-aus-holz\/ueber-mich\/#breadcrumb\"},\"inLanguage\":\"de-CH\",\"potentialAction\":[{\"@type\":\"ReadAction\",\"target\":[\"https:\/\/mz-skulptur.ch\/index.php\/marc-zuercher-skulpturen-aus-holz\/ueber-mich\/\"]}]},{\"@type\":\"BreadcrumbList\",\"@id\":\"https:\/\/mz-skulptur.ch\/index.php\/marc-zuercher-skulpturen-aus-holz\/ueber-mich\/#breadcrumb\",\"itemListElement\":[{\"@type\":\"ListItem\",\"position\":1,\"name\":\"Startseite\",\"item\":\"https:\/\/mz-skulptur.ch\/\"},{\"@type\":\"ListItem\",\"position\":2,\"name\":\"Marc Z\u00fcrcher &#8211; Skulpturen aus Holz\",\"item\":\"https:\/\/mz-skulptur.ch\/\"},{\"@type\":\"ListItem\",\"position\":3,\"name\":\"\u00dcber mich\"}]},{\"@type\":\"WebSite\",\"@id\":\"https:\/\/mz-skulptur.ch\/#website\",\"url\":\"https:\/\/mz-skulptur.ch\/\",\"name\":\"mz-skulptur.ch\",\"description\":\"Marc Z\u00fcrcher\",\"publisher\":{\"@id\":\"https:\/\/mz-skulptur.ch\/#\/schema\/person\/0de18ec71309179922f6a13d01e8dae3\"},\"potentialAction\":[{\"@type\":\"SearchAction\",\"target\":{\"@type\":\"EntryPoint\",\"urlTemplate\":\"https:\/\/mz-skulptur.ch\/?s={search_term_string}\"},\"query-input\":\"required name=search_term_string\"}],\"inLanguage\":\"de-CH\"},{\"@type\":[\"Person\",\"Organization\"],\"@id\":\"https:\/\/mz-skulptur.ch\/#\/schema\/person\/0de18ec71309179922f6a13d01e8dae3\",\"name\":\"Marc Z\u00fcrcher\",\"image\":{\"@type\":\"ImageObject\",\"inLanguage\":\"de-CH\",\"@id\":\"https:\/\/mz-skulptur.ch\/#\/schema\/person\/image\/\",\"url\":\"https:\/\/mz-skulptur.ch\/skulpturen\/wp-content\/uploads\/2023\/05\/cropped-16_Uhu_Mai_2021-e1684329152892.jpg\",\"contentUrl\":\"https:\/\/mz-skulptur.ch\/skulpturen\/wp-content\/uploads\/2023\/05\/cropped-16_Uhu_Mai_2021-e1684329152892.jpg\",\"width\":250,\"height\":250,\"caption\":\"Marc Z\u00fcrcher\"},\"logo\":{\"@id\":\"https:\/\/mz-skulptur.ch\/#\/schema\/person\/image\/\"},\"description\":\"Dies machte mir wirklich Spass und ich wollte mehr machen und kaufte mir eine Carving Motors\u00e4ge. Mittlerweile habe ich nun schon einige Skulpturen gefertigt und ich bin sicher, dass es in Zukunft noch mehr werden.\",\"sameAs\":[\"http:\/\/mz-skulptur.ch\"]}]}<\/script>\n<!-- \/ Yoast SEO plugin. -->","yoast_head_json":{"title":"\u00dcber mich - mz-skulptur.ch","robots":{"index":"index","follow":"follow","max-snippet":"max-snippet:-1","max-image-preview":"max-image-preview:large","max-video-preview":"max-video-preview:-1"},"canonical":"https:\/\/mz-skulptur.ch\/index.php\/marc-zuercher-skulpturen-aus-holz\/ueber-mich\/","og_locale":"de_DE","og_type":"article","og_title":"\u00dcber mich - mz-skulptur.ch","og_description":"Ich heisse Marc Z\u00fcrcher und wohne seit 2013 in CH-3324 Hindelbank, was nahe der Hauptstadt Bern liegt. Nach kurzer Zeit entdeckte ich das nahgelegene Hurstmoos mit dem sch\u00f6nen naturnahen Biotop und dem sch\u00f6nen Blockhaus. Es ging nicht lange und ich war und bin immer noch ein Mitglied und aktiv dabei im heutigen Hurstmoss-Verein (www.hurstmoos-verein.ch).\u00a0Hier kam &hellip; \"\u00dcber mich\" weiterlesen","og_url":"https:\/\/mz-skulptur.ch\/index.php\/marc-zuercher-skulpturen-aus-holz\/ueber-mich\/","og_site_name":"mz-skulptur.ch","article_modified_time":"2023-05-17T15:07:00+00:00","twitter_card":"summary_large_image","twitter_misc":{"Gesch\u00e4tzte Lesezeit":"1\u00a0Minute"},"schema":{"@context":"https:\/\/schema.org","@graph":[{"@type":"WebPage","@id":"https:\/\/mz-skulptur.ch\/index.php\/marc-zuercher-skulpturen-aus-holz\/ueber-mich\/","url":"https:\/\/mz-skulptur.ch\/index.php\/marc-zuercher-skulpturen-aus-holz\/ueber-mich\/","name":"\u00dcber mich - mz-skulptur.ch","isPartOf":{"@id":"https:\/\/mz-skulptur.ch\/#website"},"datePublished":"2023-05-17T13:04:44+00:00","dateModified":"2023-05-17T15:07:00+00:00","breadcrumb":{"@id":"https:\/\/mz-skulptur.ch\/index.php\/marc-zuercher-skulpturen-aus-holz\/ueber-mich\/#breadcrumb"},"inLanguage":"de-CH","potentialAction":[{"@type":"ReadAction","target":["https:\/\/mz-skulptur.ch\/index.php\/marc-zuercher-skulpturen-aus-holz\/ueber-mich\/"]}]},{"@type":"BreadcrumbList","@id":"https:\/\/mz-skulptur.ch\/index.php\/marc-zuercher-skulpturen-aus-holz\/ueber-mich\/#breadcrumb","itemListElement":[{"@type":"ListItem","position":1,"name":"Startseite","item":"https:\/\/mz-skulptur.ch\/"},{"@type":"ListItem","position":2,"name":"Marc Z\u00fcrcher &#8211; Skulpturen aus Holz","item":"https:\/\/mz-skulptur.ch\/"},{"@type":"ListItem","position":3,"name":"\u00dcber mich"}]},{"@type":"WebSite","@id":"https:\/\/mz-skulptur.ch\/#website","url":"https:\/\/mz-skulptur.ch\/","name":"mz-skulptur.ch","description":"Marc Z\u00fcrcher","publisher":{"@id":"https:\/\/mz-skulptur.ch\/#\/schema\/person\/0de18ec71309179922f6a13d01e8dae3"},"potentialAction":[{"@type":"SearchAction","target":{"@type":"EntryPoint","urlTemplate":"https:\/\/mz-skulptur.ch\/?s={search_term_string}"},"query-input":"required name=search_term_string"}],"inLanguage":"de-CH"},{"@type":["Person","Organization"],"@id":"https:\/\/mz-skulptur.ch\/#\/schema\/person\/0de18ec71309179922f6a13d01e8dae3","name":"Marc Z\u00fcrcher","image":{"@type":"ImageObject","inLanguage":"de-CH","@id":"https:\/\/mz-skulptur.ch\/#\/schema\/person\/image\/","url":"https:\/\/mz-skulptur.ch\/skulpturen\/wp-content\/uploads\/2023\/05\/cropped-16_Uhu_Mai_2021-e1684329152892.jpg","contentUrl":"https:\/\/mz-skulptur.ch\/skulpturen\/wp-content\/uploads\/2023\/05\/cropped-16_Uhu_Mai_2021-e1684329152892.jpg","width":250,"height":250,"caption":"Marc Z\u00fcrcher"},"logo":{"@id":"https:\/\/mz-skulptur.ch\/#\/schema\/person\/image\/"},"description":"Dies machte mir wirklich Spass und ich wollte mehr machen und kaufte mir eine Carving Motors\u00e4ge. Mittlerweile habe ich nun schon einige Skulpturen gefertigt und ich bin sicher, dass es in Zukunft noch mehr werden.","sameAs":["http:\/\/mz-skulptur.ch"]}]}},"_links":{"self":[{"href":"https:\/\/mz-skulptur.ch\/index.php\/wp-json\/wp\/v2\/pages\/14","targetHints":{"allow":["GET"]}}],"collection":[{"href":"https:\/\/mz-skulptur.ch\/index.php\/wp-json\/wp\/v2\/pages"}],"about":[{"href":"https:\/\/mz-skulptur.ch\/index.php\/wp-json\/wp\/v2\/types\/page"}],"author":[{"embeddable":true,"href":"https:\/\/mz-skulptur.ch\/index.php\/wp-json\/wp\/v2\/users\/1"}],"replies":[{"embeddable":true,"href":"https:\/\/mz-skulptur.ch\/index.php\/wp-json\/wp\/v2\/comments?post=14"}],"version-history":[{"count":4,"href":"https:\/\/mz-skulptur.ch\/index.php\/wp-json\/wp\/v2\/pages\/14\/revisions"}],"predecessor-version":[{"id":78,"href":"https:\/\/mz-skulptur.ch\/index.php\/wp-json\/wp\/v2\/pages\/14\/revisions\/78"}],"up":[{"embeddable":true,"href":"https:\/\/mz-skulptur.ch\/index.php\/wp-json\/wp\/v2\/pages\/5"}],"wp:attachment":[{"href":"https:\/\/mz-skulptur.ch\/index.php\/wp-json\/wp\/v2\/media?parent=14"}],"curies":[{"name":"wp","href":"https:\/\/api.w.org\/{rel}","templated":true}]}}